{"id":8007,"date":"2025-02-21T10:05:54","date_gmt":"2025-02-21T09:05:54","guid":{"rendered":"https:\/\/vinalssoler.com\/canal-de-denuncies\/"},"modified":"2025-02-21T11:24:09","modified_gmt":"2025-02-21T10:24:09","slug":"canal-etic","status":"publish","type":"page","link":"https:\/\/vinalssoler.com\/ca\/canal-etic\/","title":{"rendered":"Canal \u00e8tic"},"content":{"rendered":"\n<p>Canal \u00e8tic<\/p>\n\n\n\n<p><\/p>\n","protected":false},"excerpt":{"rendered":"<p>Canal \u00e8tic<\/p>\n","protected":false},"author":1,"featured_media":0,"parent":0,"menu_order":0,"comment_status":"closed","ping_status":"closed","template":"","meta":{"footnotes":""},"class_list":["post-8007","page","type-page","status-publish"],"yoast_head":"<!-- This site is optimized with the Yoast SEO plugin v27.4 - https:\/\/yoast.com\/product\/yoast-seo-wordpress\/ -->\n<title>Canal \u00e8tic - Vi\u00f1als Soler<\/title>\n<meta name=\"robots\" content=\"index, follow, max-snippet:-1, max-image-preview:large, max-video-preview:-1\" \/>\n<link rel=\"canonical\" href=\"https:\/\/vinalssoler.com\/ca\/canal-etic\/\" \/>\n<meta property=\"og:locale\" content=\"ca_ES\" \/>\n<meta property=\"og:type\" content=\"article\" \/>\n<meta property=\"og:title\" content=\"Canal \u00e8tic - Vi\u00f1als Soler\" \/>\n<meta property=\"og:description\" content=\"Canal \u00e8tic\" \/>\n<meta property=\"og:url\" content=\"https:\/\/vinalssoler.com\/ca\/canal-etic\/\" \/>\n<meta property=\"og:site_name\" content=\"Vi\u00f1als Soler\" \/>\n<meta property=\"article:publisher\" content=\"https:\/\/www.facebook.com\/vinalssoler\" \/>\n<meta property=\"article:modified_time\" content=\"2025-02-21T10:24:09+00:00\" \/>\n<meta name=\"twitter:card\" content=\"summary_large_image\" \/>\n<meta name=\"twitter:label1\" content=\"Temps estimat de lectura\" \/>\n\t<meta name=\"twitter:data1\" content=\"1 minut\" \/>\n<script type=\"application\/ld+json\" class=\"yoast-schema-graph\">{\"@context\":\"https:\\\/\\\/schema.org\",\"@graph\":[{\"@type\":\"WebPage\",\"@id\":\"https:\\\/\\\/vinalssoler.com\\\/ca\\\/canal-etic\\\/\",\"url\":\"https:\\\/\\\/vinalssoler.com\\\/ca\\\/canal-etic\\\/\",\"name\":\"Canal \u00e8tic - Vi\u00f1als Soler\",\"isPartOf\":{\"@id\":\"https:\\\/\\\/vinalssoler.com\\\/#website\"},\"datePublished\":\"2025-02-21T09:05:54+00:00\",\"dateModified\":\"2025-02-21T10:24:09+00:00\",\"breadcrumb\":{\"@id\":\"https:\\\/\\\/vinalssoler.com\\\/ca\\\/canal-etic\\\/#breadcrumb\"},\"inLanguage\":\"ca\",\"potentialAction\":[{\"@type\":\"ReadAction\",\"target\":[\"https:\\\/\\\/vinalssoler.com\\\/ca\\\/canal-etic\\\/\"]}]},{\"@type\":\"BreadcrumbList\",\"@id\":\"https:\\\/\\\/vinalssoler.com\\\/ca\\\/canal-etic\\\/#breadcrumb\",\"itemListElement\":[{\"@type\":\"ListItem\",\"position\":1,\"name\":\"Portada\",\"item\":\"https:\\\/\\\/vinalssoler.com\\\/ca\\\/\"},{\"@type\":\"ListItem\",\"position\":2,\"name\":\"Canal \u00e8tic\"}]},{\"@type\":\"WebSite\",\"@id\":\"https:\\\/\\\/vinalssoler.com\\\/#website\",\"url\":\"https:\\\/\\\/vinalssoler.com\\\/\",\"name\":\"Vi\u00f1als Soler\",\"description\":\"Pasi\u00f3n por la carne desde 1906\",\"publisher\":{\"@id\":\"https:\\\/\\\/vinalssoler.com\\\/#organization\"},\"potentialAction\":[{\"@type\":\"SearchAction\",\"target\":{\"@type\":\"EntryPoint\",\"urlTemplate\":\"https:\\\/\\\/vinalssoler.com\\\/?s={search_term_string}\"},\"query-input\":{\"@type\":\"PropertyValueSpecification\",\"valueRequired\":true,\"valueName\":\"search_term_string\"}}],\"inLanguage\":\"ca\"},{\"@type\":\"Organization\",\"@id\":\"https:\\\/\\\/vinalssoler.com\\\/#organization\",\"name\":\"Vi\u00f1als Soler\",\"alternateName\":\"VS\",\"url\":\"https:\\\/\\\/vinalssoler.com\\\/\",\"logo\":{\"@type\":\"ImageObject\",\"inLanguage\":\"ca\",\"@id\":\"https:\\\/\\\/vinalssoler.com\\\/#\\\/schema\\\/logo\\\/image\\\/\",\"url\":\"https:\\\/\\\/vinalssoler.com\\\/wp-content\\\/uploads\\\/2022\\\/10\\\/logo-vinals-soler-vertical-rojo.png\",\"contentUrl\":\"https:\\\/\\\/vinalssoler.com\\\/wp-content\\\/uploads\\\/2022\\\/10\\\/logo-vinals-soler-vertical-rojo.png\",\"width\":320,\"height\":318,\"caption\":\"Vi\u00f1als Soler\"},\"image\":{\"@id\":\"https:\\\/\\\/vinalssoler.com\\\/#\\\/schema\\\/logo\\\/image\\\/\"},\"sameAs\":[\"https:\\\/\\\/www.facebook.com\\\/vinalssoler\",\"https:\\\/\\\/www.linkedin.com\\\/company\\\/vinalssoler\\\/\"]}]}<\/script>\n<!-- \/ Yoast SEO plugin. -->","yoast_head_json":{"title":"Canal \u00e8tic - Vi\u00f1als Soler","robots":{"index":"index","follow":"follow","max-snippet":"max-snippet:-1","max-image-preview":"max-image-preview:large","max-video-preview":"max-video-preview:-1"},"canonical":"https:\/\/vinalssoler.com\/ca\/canal-etic\/","og_locale":"ca_ES","og_type":"article","og_title":"Canal \u00e8tic - Vi\u00f1als Soler","og_description":"Canal \u00e8tic","og_url":"https:\/\/vinalssoler.com\/ca\/canal-etic\/","og_site_name":"Vi\u00f1als Soler","article_publisher":"https:\/\/www.facebook.com\/vinalssoler","article_modified_time":"2025-02-21T10:24:09+00:00","twitter_card":"summary_large_image","twitter_misc":{"Temps estimat de lectura":"1 minut"},"schema":{"@context":"https:\/\/schema.org","@graph":[{"@type":"WebPage","@id":"https:\/\/vinalssoler.com\/ca\/canal-etic\/","url":"https:\/\/vinalssoler.com\/ca\/canal-etic\/","name":"Canal \u00e8tic - Vi\u00f1als Soler","isPartOf":{"@id":"https:\/\/vinalssoler.com\/#website"},"datePublished":"2025-02-21T09:05:54+00:00","dateModified":"2025-02-21T10:24:09+00:00","breadcrumb":{"@id":"https:\/\/vinalssoler.com\/ca\/canal-etic\/#breadcrumb"},"inLanguage":"ca","potentialAction":[{"@type":"ReadAction","target":["https:\/\/vinalssoler.com\/ca\/canal-etic\/"]}]},{"@type":"BreadcrumbList","@id":"https:\/\/vinalssoler.com\/ca\/canal-etic\/#breadcrumb","itemListElement":[{"@type":"ListItem","position":1,"name":"Portada","item":"https:\/\/vinalssoler.com\/ca\/"},{"@type":"ListItem","position":2,"name":"Canal \u00e8tic"}]},{"@type":"WebSite","@id":"https:\/\/vinalssoler.com\/#website","url":"https:\/\/vinalssoler.com\/","name":"Vi\u00f1als Soler","description":"Pasi\u00f3n por la carne desde 1906","publisher":{"@id":"https:\/\/vinalssoler.com\/#organization"},"potentialAction":[{"@type":"SearchAction","target":{"@type":"EntryPoint","urlTemplate":"https:\/\/vinalssoler.com\/?s={search_term_string}"},"query-input":{"@type":"PropertyValueSpecification","valueRequired":true,"valueName":"search_term_string"}}],"inLanguage":"ca"},{"@type":"Organization","@id":"https:\/\/vinalssoler.com\/#organization","name":"Vi\u00f1als Soler","alternateName":"VS","url":"https:\/\/vinalssoler.com\/","logo":{"@type":"ImageObject","inLanguage":"ca","@id":"https:\/\/vinalssoler.com\/#\/schema\/logo\/image\/","url":"https:\/\/vinalssoler.com\/wp-content\/uploads\/2022\/10\/logo-vinals-soler-vertical-rojo.png","contentUrl":"https:\/\/vinalssoler.com\/wp-content\/uploads\/2022\/10\/logo-vinals-soler-vertical-rojo.png","width":320,"height":318,"caption":"Vi\u00f1als Soler"},"image":{"@id":"https:\/\/vinalssoler.com\/#\/schema\/logo\/image\/"},"sameAs":["https:\/\/www.facebook.com\/vinalssoler","https:\/\/www.linkedin.com\/company\/vinalssoler\/"]}]}},"_links":{"self":[{"href":"https:\/\/vinalssoler.com\/ca\/wp-json\/wp\/v2\/pages\/8007","targetHints":{"allow":["GET"]}}],"collection":[{"href":"https:\/\/vinalssoler.com\/ca\/wp-json\/wp\/v2\/pages"}],"about":[{"href":"https:\/\/vinalssoler.com\/ca\/wp-json\/wp\/v2\/types\/page"}],"author":[{"embeddable":true,"href":"https:\/\/vinalssoler.com\/ca\/wp-json\/wp\/v2\/users\/1"}],"replies":[{"embeddable":true,"href":"https:\/\/vinalssoler.com\/ca\/wp-json\/wp\/v2\/comments?post=8007"}],"version-history":[{"count":1,"href":"https:\/\/vinalssoler.com\/ca\/wp-json\/wp\/v2\/pages\/8007\/revisions"}],"predecessor-version":[{"id":8018,"href":"https:\/\/vinalssoler.com\/ca\/wp-json\/wp\/v2\/pages\/8007\/revisions\/8018"}],"wp:attachment":[{"href":"https:\/\/vinalssoler.com\/ca\/wp-json\/wp\/v2\/media?parent=8007"}],"curies":[{"name":"wp","href":"https:\/\/api.w.org\/{rel}","templated":true}]}}