{"id":7082,"date":"2022-10-07T08:37:40","date_gmt":"2022-10-07T08:37:40","guid":{"rendered":"https:\/\/vinalssoler.com\/producto\/rumsteck\/"},"modified":"2022-10-07T08:37:40","modified_gmt":"2022-10-07T08:37:40","slug":"rumsteck","status":"publish","type":"product","link":"https:\/\/vinalssoler.com\/fr\/producto\/rumsteck\/","title":{"rendered":"Rumsteck"},"content":{"rendered":"","protected":false},"excerpt":{"rendered":"<p>Chez Vi\u00f1als Soler, nous sommes fiers de dire que nous avons plus de 100 ans d&rsquo;histoire, de succ\u00e8s et de croissance.<\/p>\n","protected":false},"featured_media":6333,"template":"","meta":[],"product_brand":[],"product_cat":[123,125],"product_tag":[],"class_list":{"0":"post-7082","1":"product","2":"type-product","3":"status-publish","4":"has-post-thumbnail","6":"product_cat-bovine-fr","7":"product_cat-cuisse-hanche","9":"first","10":"instock","11":"shipping-taxable","12":"product-type-simple"},"yoast_head":"<!-- This site is optimized with the Yoast SEO plugin v27.4 - https:\/\/yoast.com\/product\/yoast-seo-wordpress\/ -->\n<title>Rumsteck - Vi\u00f1als Soler<\/title>\n<meta name=\"robots\" content=\"index, follow, max-snippet:-1, max-image-preview:large, max-video-preview:-1\" \/>\n<link rel=\"canonical\" href=\"https:\/\/vinalssoler.com\/fr\/producto\/rumsteck\/\" \/>\n<meta property=\"og:locale\" content=\"fr_FR\" \/>\n<meta property=\"og:type\" content=\"article\" \/>\n<meta property=\"og:title\" content=\"Rumsteck - Vi\u00f1als Soler\" \/>\n<meta property=\"og:description\" content=\"Chez Vi\u00f1als Soler, nous sommes fiers de dire que nous avons plus de 100 ans d&#039;histoire, de succ\u00e8s et de croissance.\" \/>\n<meta property=\"og:url\" content=\"https:\/\/vinalssoler.com\/fr\/producto\/rumsteck\/\" \/>\n<meta property=\"og:site_name\" content=\"Vi\u00f1als Soler\" \/>\n<meta property=\"article:publisher\" content=\"https:\/\/www.facebook.com\/vinalssoler\" \/>\n<meta property=\"og:image\" content=\"https:\/\/vinalssoler.com\/wp-content\/uploads\/2022\/10\/024-Cadera-c-rab.jpg\" \/>\n\t<meta property=\"og:image:width\" content=\"1555\" \/>\n\t<meta property=\"og:image:height\" content=\"1036\" \/>\n\t<meta property=\"og:image:type\" content=\"image\/jpeg\" \/>\n<meta name=\"twitter:card\" content=\"summary_large_image\" \/>\n<script type=\"application\/ld+json\" class=\"yoast-schema-graph\">{\"@context\":\"https:\\\/\\\/schema.org\",\"@graph\":[{\"@type\":\"WebPage\",\"@id\":\"https:\\\/\\\/vinalssoler.com\\\/fr\\\/producto\\\/rumsteck\\\/\",\"url\":\"https:\\\/\\\/vinalssoler.com\\\/fr\\\/producto\\\/rumsteck\\\/\",\"name\":\"Rumsteck - Vi\u00f1als Soler\",\"isPartOf\":{\"@id\":\"https:\\\/\\\/vinalssoler.com\\\/#website\"},\"primaryImageOfPage\":{\"@id\":\"https:\\\/\\\/vinalssoler.com\\\/fr\\\/producto\\\/rumsteck\\\/#primaryimage\"},\"image\":{\"@id\":\"https:\\\/\\\/vinalssoler.com\\\/fr\\\/producto\\\/rumsteck\\\/#primaryimage\"},\"thumbnailUrl\":\"https:\\\/\\\/vinalssoler.com\\\/wp-content\\\/uploads\\\/2022\\\/10\\\/024-Cadera-c-rab.jpg\",\"datePublished\":\"2022-10-07T08:37:40+00:00\",\"breadcrumb\":{\"@id\":\"https:\\\/\\\/vinalssoler.com\\\/fr\\\/producto\\\/rumsteck\\\/#breadcrumb\"},\"inLanguage\":\"fr-FR\",\"potentialAction\":[{\"@type\":\"ReadAction\",\"target\":[\"https:\\\/\\\/vinalssoler.com\\\/fr\\\/producto\\\/rumsteck\\\/\"]}]},{\"@type\":\"ImageObject\",\"inLanguage\":\"fr-FR\",\"@id\":\"https:\\\/\\\/vinalssoler.com\\\/fr\\\/producto\\\/rumsteck\\\/#primaryimage\",\"url\":\"https:\\\/\\\/vinalssoler.com\\\/wp-content\\\/uploads\\\/2022\\\/10\\\/024-Cadera-c-rab.jpg\",\"contentUrl\":\"https:\\\/\\\/vinalssoler.com\\\/wp-content\\\/uploads\\\/2022\\\/10\\\/024-Cadera-c-rab.jpg\",\"width\":1555,\"height\":1036},{\"@type\":\"BreadcrumbList\",\"@id\":\"https:\\\/\\\/vinalssoler.com\\\/fr\\\/producto\\\/rumsteck\\\/#breadcrumb\",\"itemListElement\":[{\"@type\":\"ListItem\",\"position\":1,\"name\":\"Portada\",\"item\":\"https:\\\/\\\/vinalssoler.com\\\/fr\\\/\"},{\"@type\":\"ListItem\",\"position\":2,\"name\":\"Boutique\",\"item\":\"https:\\\/\\\/vinalssoler.com\\\/fr\\\/boutique\\\/\"},{\"@type\":\"ListItem\",\"position\":3,\"name\":\"Rumsteck\"}]},{\"@type\":\"WebSite\",\"@id\":\"https:\\\/\\\/vinalssoler.com\\\/#website\",\"url\":\"https:\\\/\\\/vinalssoler.com\\\/\",\"name\":\"Vi\u00f1als Soler\",\"description\":\"Pasi\u00f3n por la carne desde 1906\",\"publisher\":{\"@id\":\"https:\\\/\\\/vinalssoler.com\\\/#organization\"},\"potentialAction\":[{\"@type\":\"SearchAction\",\"target\":{\"@type\":\"EntryPoint\",\"urlTemplate\":\"https:\\\/\\\/vinalssoler.com\\\/?s={search_term_string}\"},\"query-input\":{\"@type\":\"PropertyValueSpecification\",\"valueRequired\":true,\"valueName\":\"search_term_string\"}}],\"inLanguage\":\"fr-FR\"},{\"@type\":\"Organization\",\"@id\":\"https:\\\/\\\/vinalssoler.com\\\/#organization\",\"name\":\"Vi\u00f1als Soler\",\"alternateName\":\"VS\",\"url\":\"https:\\\/\\\/vinalssoler.com\\\/\",\"logo\":{\"@type\":\"ImageObject\",\"inLanguage\":\"fr-FR\",\"@id\":\"https:\\\/\\\/vinalssoler.com\\\/#\\\/schema\\\/logo\\\/image\\\/\",\"url\":\"https:\\\/\\\/vinalssoler.com\\\/wp-content\\\/uploads\\\/2022\\\/10\\\/logo-vinals-soler-vertical-rojo.png\",\"contentUrl\":\"https:\\\/\\\/vinalssoler.com\\\/wp-content\\\/uploads\\\/2022\\\/10\\\/logo-vinals-soler-vertical-rojo.png\",\"width\":320,\"height\":318,\"caption\":\"Vi\u00f1als Soler\"},\"image\":{\"@id\":\"https:\\\/\\\/vinalssoler.com\\\/#\\\/schema\\\/logo\\\/image\\\/\"},\"sameAs\":[\"https:\\\/\\\/www.facebook.com\\\/vinalssoler\",\"https:\\\/\\\/www.linkedin.com\\\/company\\\/vinalssoler\\\/\"]}]}<\/script>\n<!-- \/ Yoast SEO plugin. -->","yoast_head_json":{"title":"Rumsteck - Vi\u00f1als Soler","robots":{"index":"index","follow":"follow","max-snippet":"max-snippet:-1","max-image-preview":"max-image-preview:large","max-video-preview":"max-video-preview:-1"},"canonical":"https:\/\/vinalssoler.com\/fr\/producto\/rumsteck\/","og_locale":"fr_FR","og_type":"article","og_title":"Rumsteck - Vi\u00f1als Soler","og_description":"Chez Vi\u00f1als Soler, nous sommes fiers de dire que nous avons plus de 100 ans d'histoire, de succ\u00e8s et de croissance.","og_url":"https:\/\/vinalssoler.com\/fr\/producto\/rumsteck\/","og_site_name":"Vi\u00f1als Soler","article_publisher":"https:\/\/www.facebook.com\/vinalssoler","og_image":[{"width":1555,"height":1036,"url":"https:\/\/vinalssoler.com\/wp-content\/uploads\/2022\/10\/024-Cadera-c-rab.jpg","type":"image\/jpeg"}],"twitter_card":"summary_large_image","schema":{"@context":"https:\/\/schema.org","@graph":[{"@type":"WebPage","@id":"https:\/\/vinalssoler.com\/fr\/producto\/rumsteck\/","url":"https:\/\/vinalssoler.com\/fr\/producto\/rumsteck\/","name":"Rumsteck - Vi\u00f1als Soler","isPartOf":{"@id":"https:\/\/vinalssoler.com\/#website"},"primaryImageOfPage":{"@id":"https:\/\/vinalssoler.com\/fr\/producto\/rumsteck\/#primaryimage"},"image":{"@id":"https:\/\/vinalssoler.com\/fr\/producto\/rumsteck\/#primaryimage"},"thumbnailUrl":"https:\/\/vinalssoler.com\/wp-content\/uploads\/2022\/10\/024-Cadera-c-rab.jpg","datePublished":"2022-10-07T08:37:40+00:00","breadcrumb":{"@id":"https:\/\/vinalssoler.com\/fr\/producto\/rumsteck\/#breadcrumb"},"inLanguage":"fr-FR","potentialAction":[{"@type":"ReadAction","target":["https:\/\/vinalssoler.com\/fr\/producto\/rumsteck\/"]}]},{"@type":"ImageObject","inLanguage":"fr-FR","@id":"https:\/\/vinalssoler.com\/fr\/producto\/rumsteck\/#primaryimage","url":"https:\/\/vinalssoler.com\/wp-content\/uploads\/2022\/10\/024-Cadera-c-rab.jpg","contentUrl":"https:\/\/vinalssoler.com\/wp-content\/uploads\/2022\/10\/024-Cadera-c-rab.jpg","width":1555,"height":1036},{"@type":"BreadcrumbList","@id":"https:\/\/vinalssoler.com\/fr\/producto\/rumsteck\/#breadcrumb","itemListElement":[{"@type":"ListItem","position":1,"name":"Portada","item":"https:\/\/vinalssoler.com\/fr\/"},{"@type":"ListItem","position":2,"name":"Boutique","item":"https:\/\/vinalssoler.com\/fr\/boutique\/"},{"@type":"ListItem","position":3,"name":"Rumsteck"}]},{"@type":"WebSite","@id":"https:\/\/vinalssoler.com\/#website","url":"https:\/\/vinalssoler.com\/","name":"Vi\u00f1als Soler","description":"Pasi\u00f3n por la carne desde 1906","publisher":{"@id":"https:\/\/vinalssoler.com\/#organization"},"potentialAction":[{"@type":"SearchAction","target":{"@type":"EntryPoint","urlTemplate":"https:\/\/vinalssoler.com\/?s={search_term_string}"},"query-input":{"@type":"PropertyValueSpecification","valueRequired":true,"valueName":"search_term_string"}}],"inLanguage":"fr-FR"},{"@type":"Organization","@id":"https:\/\/vinalssoler.com\/#organization","name":"Vi\u00f1als Soler","alternateName":"VS","url":"https:\/\/vinalssoler.com\/","logo":{"@type":"ImageObject","inLanguage":"fr-FR","@id":"https:\/\/vinalssoler.com\/#\/schema\/logo\/image\/","url":"https:\/\/vinalssoler.com\/wp-content\/uploads\/2022\/10\/logo-vinals-soler-vertical-rojo.png","contentUrl":"https:\/\/vinalssoler.com\/wp-content\/uploads\/2022\/10\/logo-vinals-soler-vertical-rojo.png","width":320,"height":318,"caption":"Vi\u00f1als Soler"},"image":{"@id":"https:\/\/vinalssoler.com\/#\/schema\/logo\/image\/"},"sameAs":["https:\/\/www.facebook.com\/vinalssoler","https:\/\/www.linkedin.com\/company\/vinalssoler\/"]}]}},"_links":{"self":[{"href":"https:\/\/vinalssoler.com\/fr\/wp-json\/wp\/v2\/product\/7082","targetHints":{"allow":["GET"]}}],"collection":[{"href":"https:\/\/vinalssoler.com\/fr\/wp-json\/wp\/v2\/product"}],"about":[{"href":"https:\/\/vinalssoler.com\/fr\/wp-json\/wp\/v2\/types\/product"}],"wp:featuredmedia":[{"embeddable":true,"href":"https:\/\/vinalssoler.com\/fr\/wp-json\/wp\/v2\/media\/6333"}],"wp:attachment":[{"href":"https:\/\/vinalssoler.com\/fr\/wp-json\/wp\/v2\/media?parent=7082"}],"wp:term":[{"taxonomy":"product_brand","embeddable":true,"href":"https:\/\/vinalssoler.com\/fr\/wp-json\/wp\/v2\/product_brand?post=7082"},{"taxonomy":"product_cat","embeddable":true,"href":"https:\/\/vinalssoler.com\/fr\/wp-json\/wp\/v2\/product_cat?post=7082"},{"taxonomy":"product_tag","embeddable":true,"href":"https:\/\/vinalssoler.com\/fr\/wp-json\/wp\/v2\/product_tag?post=7082"}],"curies":[{"name":"wp","href":"https:\/\/api.w.org\/{rel}","templated":true}]}}